{"id":761,"date":"2018-07-12T12:28:40","date_gmt":"2018-07-12T10:28:40","guid":{"rendered":"http:\/\/aspjchalons51.fr\/?page_id=761"},"modified":"2018-07-18T23:18:56","modified_gmt":"2018-07-18T21:18:56","slug":"livres-a-lire","status":"publish","type":"page","link":"https:\/\/aspjchalons51.fr\/index.php\/bibliographie\/livres-a-lire\/","title":{"rendered":"Livres \u00e0 lire"},"content":{"rendered":"<div id=\"pl-761\"  class=\"panel-layout\" ><div id=\"pg-761-0\"  class=\"panel-grid panel-no-style\" ><div id=\"pgc-761-0-0\"  class=\"panel-grid-cell\" ><div id=\"panel-761-0-0-0\" class=\"so-panel widget widget_sow-editor panel-first-child panel-last-child\" data-index=\"0\" ><div\n\t\t\t\n\t\t\tclass=\"so-widget-sow-editor so-widget-sow-editor-base\"\n\t\t\t\n\t\t>\n<div class=\"siteorigin-widget-tinymce textwidget\">\n\t<p style=\"text-align: justify;\">Cher visiteur, vous n'\u00eates pas encore arriv\u00e9 au bon endroit pour lire les extraits des ouvrages propos\u00e9s !<\/p>\n<p style=\"text-align: justify;\"><span style=\"color: #000000;\"><b>Dans le Menu, allez \u00e0 <\/b><em>\"Bibliographie\"<\/em><b>, puis sous<\/b><\/span>\u00a0\"<em>Livres \u00e0 lire<\/em>\", d\u00e9couvrez les ouvrages.<\/p>\n<\/div>\n<\/div><\/div><\/div><\/div><\/div>","protected":false},"excerpt":{"rendered":"<p>Cher visiteur, vous n&rsquo;\u00eates pas encore arriv\u00e9 au bon endroit pour lire les extraits des ouvrages propos\u00e9s ! Dans le Menu, allez \u00e0 \u00ab\u00a0Bibliographie\u00a0\u00bb, puis sous\u00a0\u00ab\u00a0Livres \u00e0 lire\u00a0\u00bb, d\u00e9couvrez les ouvrages.<\/p>\n","protected":false},"author":1,"featured_media":0,"parent":756,"menu_order":1,"comment_status":"closed","ping_status":"closed","template":"sidebar-page.php","meta":{"footnotes":""},"_links":{"self":[{"href":"https:\/\/aspjchalons51.fr\/index.php\/wp-json\/wp\/v2\/pages\/761"}],"collection":[{"href":"https:\/\/aspjchalons51.fr\/index.php\/wp-json\/wp\/v2\/pages"}],"about":[{"href":"https:\/\/aspjchalons51.fr\/index.php\/wp-json\/wp\/v2\/types\/page"}],"author":[{"embeddable":true,"href":"https:\/\/aspjchalons51.fr\/index.php\/wp-json\/wp\/v2\/users\/1"}],"replies":[{"embeddable":true,"href":"https:\/\/aspjchalons51.fr\/index.php\/wp-json\/wp\/v2\/comments?post=761"}],"version-history":[{"count":8,"href":"https:\/\/aspjchalons51.fr\/index.php\/wp-json\/wp\/v2\/pages\/761\/revisions"}],"predecessor-version":[{"id":879,"href":"https:\/\/aspjchalons51.fr\/index.php\/wp-json\/wp\/v2\/pages\/761\/revisions\/879"}],"up":[{"embeddable":true,"href":"https:\/\/aspjchalons51.fr\/index.php\/wp-json\/wp\/v2\/pages\/756"}],"wp:attachment":[{"href":"https:\/\/aspjchalons51.fr\/index.php\/wp-json\/wp\/v2\/media?parent=761"}],"curies":[{"name":"wp","href":"https:\/\/api.w.org\/{rel}","templated":true}]}}