{"id":702,"date":"2018-07-09T23:30:55","date_gmt":"2018-07-09T21:30:55","guid":{"rendered":"http:\/\/aspjchalons51.fr\/?page_id=702"},"modified":"2019-01-30T11:46:39","modified_gmt":"2019-01-30T10:46:39","slug":"maison-darret","status":"publish","type":"page","link":"https:\/\/aspjchalons51.fr\/index.php\/informations\/maison-darret\/","title":{"rendered":"Maison d&rsquo;arr\u00eat et \u00e9tablissements p\u00e9nitentiaires en France"},"content":{"rendered":"<div id=\"pl-702\"  class=\"panel-layout\" ><div id=\"pg-702-0\"  class=\"panel-grid panel-no-style\" ><div id=\"pgc-702-0-0\"  class=\"panel-grid-cell\" ><div id=\"panel-702-0-0-0\" class=\"so-panel widget widget_sow-editor panel-first-child panel-last-child\" data-index=\"0\" ><div\n\t\t\t\n\t\t\tclass=\"so-widget-sow-editor so-widget-sow-editor-base\"\n\t\t\t\n\t\t><h3 class=\"widget-title\">Maison d'Arr\u00eat de Ch\u00e2lons et \u00e9tablissements p\u00e9nitentiaires<\/h3>\n<div class=\"siteorigin-widget-tinymce textwidget\">\n\t<p><img loading=\"lazy\" decoding=\"async\" class=\"alignnone size-full wp-image-817\" src=\"http:\/\/aspjchalons51.fr\/wp-content\/uploads\/2018\/07\/prison.jpg\" alt=\"\" width=\"250\" height=\"200\" \/><\/p>\n<p><a href=\"http:\/\/aspjchalons51.fr\/wp-content\/uploads\/2017\/10\/Informations-sur-la-maison-darr%C3%AAt-de-Ch%C3%A2lons.pdf\" target=\"_blank\" rel=\"noopener\">La Maison d'Arr\u00eat de Ch\u00e2lons en quelques lignes<\/a><\/p>\n<p><a href=\"http:\/\/www.annuaires.justice.gouv.fr\/etablissements-penitentiaires-10113\/direction-interregionale-de-strasbourg-10226\/chalons-en-champagne-31139.html\">La Maison d'Arr\u00eat de Ch\u00e2lons - Page officielle du Minist\u00e8re de la Justice<\/a><\/p>\n<p><a href=\"http:\/\/www.annuaires.justice.gouv.fr\/etablissements-penitentiaires-10113\/direction-interregionale-de-strasbourg-10226\/\">Carte des \u00e9tablissements p\u00e9nitentiaires de la r\u00e9gion Grand Est<\/a><\/p>\n<p><a href=\"http:\/\/www.annuaires.justice.gouv.fr\/art_pix\/Poster_administration_penitentiaire_2017.pdf\">Carte des \u00e9tablissements p\u00e9nitentiaires de France<\/a><\/p>\n<\/div>\n<\/div><\/div><\/div><\/div><\/div>","protected":false},"excerpt":{"rendered":"<p>La Maison d&rsquo;Arr\u00eat de Ch\u00e2lons en quelques lignes La Maison d&rsquo;Arr\u00eat de Ch\u00e2lons &#8211; Page officielle du Minist\u00e8re de la Justice Carte des \u00e9tablissements p\u00e9nitentiaires de la r\u00e9gion Grand Est Carte des \u00e9tablissements p\u00e9nitentiaires de France<\/p>\n","protected":false},"author":1,"featured_media":0,"parent":654,"menu_order":0,"comment_status":"closed","ping_status":"closed","template":"sidebar-page.php","meta":{"footnotes":""},"_links":{"self":[{"href":"https:\/\/aspjchalons51.fr\/index.php\/wp-json\/wp\/v2\/pages\/702"}],"collection":[{"href":"https:\/\/aspjchalons51.fr\/index.php\/wp-json\/wp\/v2\/pages"}],"about":[{"href":"https:\/\/aspjchalons51.fr\/index.php\/wp-json\/wp\/v2\/types\/page"}],"author":[{"embeddable":true,"href":"https:\/\/aspjchalons51.fr\/index.php\/wp-json\/wp\/v2\/users\/1"}],"replies":[{"embeddable":true,"href":"https:\/\/aspjchalons51.fr\/index.php\/wp-json\/wp\/v2\/comments?post=702"}],"version-history":[{"count":21,"href":"https:\/\/aspjchalons51.fr\/index.php\/wp-json\/wp\/v2\/pages\/702\/revisions"}],"predecessor-version":[{"id":1342,"href":"https:\/\/aspjchalons51.fr\/index.php\/wp-json\/wp\/v2\/pages\/702\/revisions\/1342"}],"up":[{"embeddable":true,"href":"https:\/\/aspjchalons51.fr\/index.php\/wp-json\/wp\/v2\/pages\/654"}],"wp:attachment":[{"href":"https:\/\/aspjchalons51.fr\/index.php\/wp-json\/wp\/v2\/media?parent=702"}],"curies":[{"name":"wp","href":"https:\/\/api.w.org\/{rel}","templated":true}]}}