{"id":691,"date":"2018-07-09T23:22:13","date_gmt":"2018-07-09T21:22:13","guid":{"rendered":"http:\/\/aspjchalons51.fr\/?page_id=691"},"modified":"2018-09-19T14:31:50","modified_gmt":"2018-09-19T12:31:50","slug":"articles-2017-2018","status":"publish","type":"page","link":"https:\/\/aspjchalons51.fr\/index.php\/articles-de-presse\/articles-2017-2018\/","title":{"rendered":"Articles 2017-2018"},"content":{"rendered":"<div id=\"pl-691\"  class=\"panel-layout\" ><div id=\"pg-691-0\"  class=\"panel-grid panel-no-style\" ><div id=\"pgc-691-0-0\"  class=\"panel-grid-cell\" ><div id=\"panel-691-0-0-0\" class=\"so-panel widget widget_sow-editor panel-first-child panel-last-child\" data-index=\"0\" ><div\n\t\t\t\n\t\t\tclass=\"so-widget-sow-editor so-widget-sow-editor-base\"\n\t\t\t\n\t\t>\n<div class=\"siteorigin-widget-tinymce textwidget\">\n\t<p><a href=\"http:\/\/aspjchalons51.fr\/wp-content\/uploads\/2018\/01\/Un-go%C3%BBter-et-des-cadeaux-offerts-par-les-Kiwanis-aux-enfants-de-d%C3%A9tenus.pdf\">Un go\u00fbter et des cadeaux offerts par les Kiwanis aux enfants de d\u00e9tenus<\/a><\/p>\n<p><a href=\"http:\/\/aspjchalons51.fr\/wp-content\/uploads\/2018\/04\/Ils-sont-%C3%A0-l%C3%A9coute-des-familles-de-d%C3%A9tenus.pdf\">Ils sont \u00e0 l\u2019\u00e9coute des familles de d\u00e9tenus<\/a><\/p>\n<\/div>\n<\/div><\/div><\/div><\/div><\/div>","protected":false},"excerpt":{"rendered":"<p>Un go\u00fbter et des cadeaux offerts par les Kiwanis aux enfants de d\u00e9tenus Ils sont \u00e0 l\u2019\u00e9coute des familles de d\u00e9tenus<\/p>\n","protected":false},"author":1,"featured_media":0,"parent":683,"menu_order":2,"comment_status":"closed","ping_status":"closed","template":"sidebar-page.php","meta":{"footnotes":""},"_links":{"self":[{"href":"https:\/\/aspjchalons51.fr\/index.php\/wp-json\/wp\/v2\/pages\/691"}],"collection":[{"href":"https:\/\/aspjchalons51.fr\/index.php\/wp-json\/wp\/v2\/pages"}],"about":[{"href":"https:\/\/aspjchalons51.fr\/index.php\/wp-json\/wp\/v2\/types\/page"}],"author":[{"embeddable":true,"href":"https:\/\/aspjchalons51.fr\/index.php\/wp-json\/wp\/v2\/users\/1"}],"replies":[{"embeddable":true,"href":"https:\/\/aspjchalons51.fr\/index.php\/wp-json\/wp\/v2\/comments?post=691"}],"version-history":[{"count":9,"href":"https:\/\/aspjchalons51.fr\/index.php\/wp-json\/wp\/v2\/pages\/691\/revisions"}],"predecessor-version":[{"id":1010,"href":"https:\/\/aspjchalons51.fr\/index.php\/wp-json\/wp\/v2\/pages\/691\/revisions\/1010"}],"up":[{"embeddable":true,"href":"https:\/\/aspjchalons51.fr\/index.php\/wp-json\/wp\/v2\/pages\/683"}],"wp:attachment":[{"href":"https:\/\/aspjchalons51.fr\/index.php\/wp-json\/wp\/v2\/media?parent=691"}],"curies":[{"name":"wp","href":"https:\/\/api.w.org\/{rel}","templated":true}]}}