{"id":660,"date":"2018-07-09T22:31:34","date_gmt":"2018-07-09T20:31:34","guid":{"rendered":"http:\/\/aspjchalons51.fr\/?page_id=660"},"modified":"2018-12-18T18:51:36","modified_gmt":"2018-12-18T17:51:36","slug":"fin-des-mandats-cash","status":"publish","type":"page","link":"https:\/\/aspjchalons51.fr\/index.php\/informations\/fin-des-mandats-cash\/","title":{"rendered":"Envoyer de l&rsquo;argent \u00e0 un d\u00e9tenu"},"content":{"rendered":"<div id=\"pl-660\"  class=\"panel-layout\" ><div id=\"pg-660-0\"  class=\"panel-grid panel-no-style\" ><div id=\"pgc-660-0-0\"  class=\"panel-grid-cell\" ><div id=\"panel-660-0-0-0\" class=\"so-panel widget widget_sow-editor panel-first-child panel-last-child\" data-index=\"0\" ><div\n\t\t\t\n\t\t\tclass=\"so-widget-sow-editor so-widget-sow-editor-base\"\n\t\t\t\n\t\t>\n<div class=\"siteorigin-widget-tinymce textwidget\">\n\t<p><strong>Lire notre article \u00e0 ce sujet :<\/strong><\/p>\n<p><a href=\"http:\/\/aspjchalons51.fr\/index.php\/2018\/01\/25\/443\/\" target=\"_blank\" rel=\"noopener\">Fin des mandats cash<\/a><\/p>\n<p><a href=\"http:\/\/aspjchalons51.fr\/wp-content\/uploads\/2018\/12\/rib.pdf\">Rib \u00e0 renseigner pour envoyer de l'argent \u00e0 un d\u00e9tenu<\/a><\/p>\n<p>&nbsp;<\/p>\n<\/div>\n<\/div><\/div><\/div><\/div><\/div>","protected":false},"excerpt":{"rendered":"<p>Lire notre article \u00e0 ce sujet : Fin des mandats cash Rib \u00e0 renseigner pour envoyer de l&rsquo;argent \u00e0 un d\u00e9tenu &nbsp;<\/p>\n","protected":false},"author":1,"featured_media":0,"parent":654,"menu_order":2,"comment_status":"closed","ping_status":"closed","template":"sidebar-page.php","meta":{"footnotes":""},"_links":{"self":[{"href":"https:\/\/aspjchalons51.fr\/index.php\/wp-json\/wp\/v2\/pages\/660"}],"collection":[{"href":"https:\/\/aspjchalons51.fr\/index.php\/wp-json\/wp\/v2\/pages"}],"about":[{"href":"https:\/\/aspjchalons51.fr\/index.php\/wp-json\/wp\/v2\/types\/page"}],"author":[{"embeddable":true,"href":"https:\/\/aspjchalons51.fr\/index.php\/wp-json\/wp\/v2\/users\/1"}],"replies":[{"embeddable":true,"href":"https:\/\/aspjchalons51.fr\/index.php\/wp-json\/wp\/v2\/comments?post=660"}],"version-history":[{"count":16,"href":"https:\/\/aspjchalons51.fr\/index.php\/wp-json\/wp\/v2\/pages\/660\/revisions"}],"predecessor-version":[{"id":1249,"href":"https:\/\/aspjchalons51.fr\/index.php\/wp-json\/wp\/v2\/pages\/660\/revisions\/1249"}],"up":[{"embeddable":true,"href":"https:\/\/aspjchalons51.fr\/index.php\/wp-json\/wp\/v2\/pages\/654"}],"wp:attachment":[{"href":"https:\/\/aspjchalons51.fr\/index.php\/wp-json\/wp\/v2\/media?parent=660"}],"curies":[{"name":"wp","href":"https:\/\/api.w.org\/{rel}","templated":true}]}}