{"id":658,"date":"2018-07-09T22:31:00","date_gmt":"2018-07-09T20:31:00","guid":{"rendered":"http:\/\/aspjchalons51.fr\/?page_id=658"},"modified":"2026-03-25T17:51:46","modified_gmt":"2026-03-25T16:51:46","slug":"horaires","status":"publish","type":"page","link":"https:\/\/aspjchalons51.fr\/index.php\/informations\/horaires\/","title":{"rendered":"Horaires"},"content":{"rendered":"<div id=\"pl-658\"  class=\"panel-layout\" ><div id=\"pg-658-0\"  class=\"panel-grid panel-no-style\" ><div id=\"pgc-658-0-0\"  class=\"panel-grid-cell\" ><div id=\"panel-658-0-0-0\" class=\"so-panel widget widget_sow-editor panel-first-child panel-last-child\" data-index=\"0\" ><div\n\t\t\t\n\t\t\tclass=\"so-widget-sow-editor so-widget-sow-editor-base\"\n\t\t\t\n\t\t>\n<div class=\"siteorigin-widget-tinymce textwidget\">\n\t<p><span style=\"font-size: 18pt;\"><strong>Ouverture de la Maison d'Accueil ASPJ<\/strong><\/span><\/p>\n<ul>\n<li><span style=\"font-size: 14pt;\">Mardi, Mercredi, Jeudi, Vendredi de <strong>14h \u00e0 16h30<\/strong><\/span><\/li>\n<li><span style=\"font-size: 14pt;\">Samedi de <strong>9h30 \u00e0 11h<\/strong> et de <strong>12h30 \u00e0 15h<\/strong><\/span><\/li>\n<\/ul>\n<p>&nbsp;<\/p>\n<\/div>\n<\/div><\/div><\/div><\/div><\/div>","protected":false},"excerpt":{"rendered":"<p>Ouverture de la Maison d&rsquo;Accueil ASPJ Mardi, Mercredi, Jeudi, Vendredi de 14h \u00e0 16h30 Samedi de 9h30 \u00e0 11h et de 12h30 \u00e0 15h &nbsp;<\/p>\n","protected":false},"author":1,"featured_media":0,"parent":654,"menu_order":1,"comment_status":"closed","ping_status":"closed","template":"sidebar-page.php","meta":{"footnotes":""},"_links":{"self":[{"href":"https:\/\/aspjchalons51.fr\/index.php\/wp-json\/wp\/v2\/pages\/658"}],"collection":[{"href":"https:\/\/aspjchalons51.fr\/index.php\/wp-json\/wp\/v2\/pages"}],"about":[{"href":"https:\/\/aspjchalons51.fr\/index.php\/wp-json\/wp\/v2\/types\/page"}],"author":[{"embeddable":true,"href":"https:\/\/aspjchalons51.fr\/index.php\/wp-json\/wp\/v2\/users\/1"}],"replies":[{"embeddable":true,"href":"https:\/\/aspjchalons51.fr\/index.php\/wp-json\/wp\/v2\/comments?post=658"}],"version-history":[{"count":11,"href":"https:\/\/aspjchalons51.fr\/index.php\/wp-json\/wp\/v2\/pages\/658\/revisions"}],"predecessor-version":[{"id":2434,"href":"https:\/\/aspjchalons51.fr\/index.php\/wp-json\/wp\/v2\/pages\/658\/revisions\/2434"}],"up":[{"embeddable":true,"href":"https:\/\/aspjchalons51.fr\/index.php\/wp-json\/wp\/v2\/pages\/654"}],"wp:attachment":[{"href":"https:\/\/aspjchalons51.fr\/index.php\/wp-json\/wp\/v2\/media?parent=658"}],"curies":[{"name":"wp","href":"https:\/\/api.w.org\/{rel}","templated":true}]}}