{"id":2158,"date":"2023-01-09T15:54:24","date_gmt":"2023-01-09T14:54:24","guid":{"rendered":"http:\/\/aspjchalons51.fr\/?page_id=2158"},"modified":"2023-01-09T16:30:57","modified_gmt":"2023-01-09T15:30:57","slug":"articles-2022","status":"publish","type":"page","link":"https:\/\/aspjchalons51.fr\/index.php\/articles-de-presse\/articles-2022\/","title":{"rendered":"Articles 2022"},"content":{"rendered":"\n<p>Article paru dans l&rsquo;Union du 22 d\u00e9cembre 2022<\/p>\n<p><a href=\"http:\/\/aspjchalons51.fr\/wp-content\/uploads\/2023\/01\/Noel-reduit-pdf-1.pdf\">No\u00ebl 2022 \u00e0 l&rsquo;ASPJ pdf<\/a><\/p>\n","protected":false},"excerpt":{"rendered":"<p>Article paru dans l&rsquo;Union du 22 d\u00e9cembre 2022 No\u00ebl 2022 \u00e0 l&rsquo;ASPJ pdf<\/p>\n","protected":false},"author":3,"featured_media":0,"parent":683,"menu_order":0,"comment_status":"closed","ping_status":"closed","template":"","meta":{"footnotes":""},"_links":{"self":[{"href":"https:\/\/aspjchalons51.fr\/index.php\/wp-json\/wp\/v2\/pages\/2158"}],"collection":[{"href":"https:\/\/aspjchalons51.fr\/index.php\/wp-json\/wp\/v2\/pages"}],"about":[{"href":"https:\/\/aspjchalons51.fr\/index.php\/wp-json\/wp\/v2\/types\/page"}],"author":[{"embeddable":true,"href":"https:\/\/aspjchalons51.fr\/index.php\/wp-json\/wp\/v2\/users\/3"}],"replies":[{"embeddable":true,"href":"https:\/\/aspjchalons51.fr\/index.php\/wp-json\/wp\/v2\/comments?post=2158"}],"version-history":[{"count":6,"href":"https:\/\/aspjchalons51.fr\/index.php\/wp-json\/wp\/v2\/pages\/2158\/revisions"}],"predecessor-version":[{"id":2174,"href":"https:\/\/aspjchalons51.fr\/index.php\/wp-json\/wp\/v2\/pages\/2158\/revisions\/2174"}],"up":[{"embeddable":true,"href":"https:\/\/aspjchalons51.fr\/index.php\/wp-json\/wp\/v2\/pages\/683"}],"wp:attachment":[{"href":"https:\/\/aspjchalons51.fr\/index.php\/wp-json\/wp\/v2\/media?parent=2158"}],"curies":[{"name":"wp","href":"https:\/\/api.w.org\/{rel}","templated":true}]}}