{"id":1697,"date":"2019-09-28T17:25:53","date_gmt":"2019-09-28T15:25:53","guid":{"rendered":"http:\/\/aspjchalons51.fr\/?page_id=1697"},"modified":"2019-09-28T17:37:21","modified_gmt":"2019-09-28T15:37:21","slug":"guide-du-detenu","status":"publish","type":"page","link":"https:\/\/aspjchalons51.fr\/index.php\/informations\/guide-du-detenu\/","title":{"rendered":"Guide du d\u00e9tenu"},"content":{"rendered":"<p>Ce guide est transmis \u00e0 chaque d\u00e9tenu le jour de son arriv\u00e9e en d\u00e9tention.<\/p>\n<p><a href=\"http:\/\/aspjchalons51.fr\/wp-content\/uploads\/2019\/09\/Guide_Je_suis_en_detention_V8_juin2019_opt.pdf\">Guide du d\u00e9tenu &#8211; Je suis en d\u00e9tention &#8211; Version de juin 2019<\/a><\/p>\n\n","protected":false},"excerpt":{"rendered":"<p>Ce guide est transmis \u00e0 chaque d\u00e9tenu le jour de son arriv\u00e9e en d\u00e9tention. Guide du d\u00e9tenu &#8211; Je suis en d\u00e9tention &#8211; Version de juin 2019<\/p>\n","protected":false},"author":3,"featured_media":0,"parent":654,"menu_order":0,"comment_status":"closed","ping_status":"closed","template":"sidebar-page.php","meta":{"footnotes":""},"_links":{"self":[{"href":"https:\/\/aspjchalons51.fr\/index.php\/wp-json\/wp\/v2\/pages\/1697"}],"collection":[{"href":"https:\/\/aspjchalons51.fr\/index.php\/wp-json\/wp\/v2\/pages"}],"about":[{"href":"https:\/\/aspjchalons51.fr\/index.php\/wp-json\/wp\/v2\/types\/page"}],"author":[{"embeddable":true,"href":"https:\/\/aspjchalons51.fr\/index.php\/wp-json\/wp\/v2\/users\/3"}],"replies":[{"embeddable":true,"href":"https:\/\/aspjchalons51.fr\/index.php\/wp-json\/wp\/v2\/comments?post=1697"}],"version-history":[{"count":2,"href":"https:\/\/aspjchalons51.fr\/index.php\/wp-json\/wp\/v2\/pages\/1697\/revisions"}],"predecessor-version":[{"id":1703,"href":"https:\/\/aspjchalons51.fr\/index.php\/wp-json\/wp\/v2\/pages\/1697\/revisions\/1703"}],"up":[{"embeddable":true,"href":"https:\/\/aspjchalons51.fr\/index.php\/wp-json\/wp\/v2\/pages\/654"}],"wp:attachment":[{"href":"https:\/\/aspjchalons51.fr\/index.php\/wp-json\/wp\/v2\/media?parent=1697"}],"curies":[{"name":"wp","href":"https:\/\/api.w.org\/{rel}","templated":true}]}}