{"id":1644,"date":"2019-04-23T09:38:15","date_gmt":"2019-04-23T07:38:15","guid":{"rendered":"http:\/\/aspjchalons51.fr\/?page_id=1644"},"modified":"2019-04-23T09:42:49","modified_gmt":"2019-04-23T07:42:49","slug":"articles-2018-2019","status":"publish","type":"page","link":"https:\/\/aspjchalons51.fr\/index.php\/articles-de-presse\/articles-2018-2019\/","title":{"rendered":"Articles 2018\/2019"},"content":{"rendered":"<div id=\"pl-1644\"  class=\"panel-layout\" ><div id=\"pg-1644-0\"  class=\"panel-grid panel-no-style\" ><div id=\"pgc-1644-0-0\"  class=\"panel-grid-cell\" ><div id=\"panel-1644-0-0-0\" class=\"so-panel widget widget_sow-editor panel-first-child panel-last-child\" data-index=\"0\" ><div\n\t\t\t\n\t\t\tclass=\"so-widget-sow-editor so-widget-sow-editor-base\"\n\t\t\t\n\t\t><h3 class=\"widget-title\">Assembl\u00e9e G\u00e9n\u00e9rale du 27 mars 2019<\/h3>\n<div class=\"siteorigin-widget-tinymce textwidget\">\n\t<p><span style=\"text-decoration: underline;\"><strong><span style=\"font-size: 14pt;\">Article paru dans l'Union du 28 mars 2019<\/span><\/strong><\/span><\/p>\n<p><span style=\"text-decoration: underline;\"><strong><span style=\"font-size: 14pt;\"><a href=\"http:\/\/aspjchalons51.fr\/wp-content\/uploads\/2019\/04\/AG-27-mars-2019.pdf\">AG 27 mars 2019<\/a><\/span><\/strong><\/span><\/p>\n<\/div>\n<\/div><\/div><\/div><\/div><\/div>","protected":false},"excerpt":{"rendered":"<p>Article paru dans l&rsquo;Union du 28 mars 2019 AG 27 mars 2019<\/p>\n","protected":false},"author":3,"featured_media":0,"parent":683,"menu_order":0,"comment_status":"closed","ping_status":"closed","template":"","meta":{"footnotes":""},"_links":{"self":[{"href":"https:\/\/aspjchalons51.fr\/index.php\/wp-json\/wp\/v2\/pages\/1644"}],"collection":[{"href":"https:\/\/aspjchalons51.fr\/index.php\/wp-json\/wp\/v2\/pages"}],"about":[{"href":"https:\/\/aspjchalons51.fr\/index.php\/wp-json\/wp\/v2\/types\/page"}],"author":[{"embeddable":true,"href":"https:\/\/aspjchalons51.fr\/index.php\/wp-json\/wp\/v2\/users\/3"}],"replies":[{"embeddable":true,"href":"https:\/\/aspjchalons51.fr\/index.php\/wp-json\/wp\/v2\/comments?post=1644"}],"version-history":[{"count":2,"href":"https:\/\/aspjchalons51.fr\/index.php\/wp-json\/wp\/v2\/pages\/1644\/revisions"}],"predecessor-version":[{"id":1648,"href":"https:\/\/aspjchalons51.fr\/index.php\/wp-json\/wp\/v2\/pages\/1644\/revisions\/1648"}],"up":[{"embeddable":true,"href":"https:\/\/aspjchalons51.fr\/index.php\/wp-json\/wp\/v2\/pages\/683"}],"wp:attachment":[{"href":"https:\/\/aspjchalons51.fr\/index.php\/wp-json\/wp\/v2\/media?parent=1644"}],"curies":[{"name":"wp","href":"https:\/\/api.w.org\/{rel}","templated":true}]}}